{"id":497,"date":"2024-10-03T13:34:00","date_gmt":"2024-10-03T13:34:00","guid":{"rendered":"https:\/\/jeilspecial.hu\/services\/"},"modified":"2024-12-20T15:07:04","modified_gmt":"2024-12-20T15:07:04","slug":"services","status":"publish","type":"page","link":"https:\/\/jeilspecial.hu\/en\/services\/","title":{"rendered":"Rental"},"content":{"rendered":"<div class=\"wp-block-uagb-container uagb-block-cef93154 alignfull uagb-is-root-container\"><div class=\"uagb-container-inner-blocks-wrap\">\n<div class=\"wp-block-uagb-advanced-heading uagb-block-ee43a231\"><h1 class=\"uagb-heading-text\">Rental<\/h1><\/div>\n<\/div><\/div>\n\n\n\n<div class=\"wp-block-uagb-container uagb-block-ca134fa2 alignfull uagb-is-root-container\"><div class=\"uagb-container-inner-blocks-wrap\">\n<div class=\"wp-block-uagb-container uagb-block-f3d13f99 alignfull uagb-is-root-container\"><div class=\"uagb-container-inner-blocks-wrap\">\n<div class=\"wp-block-uagb-container uagb-block-4f68190f\">\n<h3 class=\"wp-block-heading\">Our company rents out a limited number of machines!<\/h3>\n\n\n\n<p class=\"has-ast-global-color-0-color has-text-color has-link-color wp-elements-87ec9c22861ba2df54828febb795bdce\">For contact information and a unique price quote, contact our colleague at the contact details provided.<\/p>\n<\/div>\n\n\n\n<div class=\"wp-block-uagb-container uagb-block-0aa4113f\">\n<div class=\"wp-block-uagb-info-box uagb-block-19f8aaa4 uagb-infobox__content-wrap  uagb-infobox-icon-left uagb-infobox-left uagb-infobox-image-valign-middle\"><div class=\"uagb-ifb-icon-wrap\"><svg xmlns=\"https:\/\/www.w3.org\/2000\/svg\" viewbox=\"0 0 512 512\"><path d=\"M511.2 387l-23.25 100.8c-3.266 14.25-15.79 24.22-30.46 24.22C205.2 512 0 306.8 0 54.5c0-14.66 9.969-27.2 24.22-30.45l100.8-23.25C139.7-2.602 154.7 5.018 160.8 18.92l46.52 108.5c5.438 12.78 1.77 27.67-8.98 36.45L144.5 207.1c33.98 69.22 90.26 125.5 159.5 159.5l44.08-53.8c8.688-10.78 23.69-14.51 36.47-8.975l108.5 46.51C506.1 357.2 514.6 372.4 511.2 387z\"><\/path><\/svg><\/div><div class=\"uagb-ifb-content\"><div class=\"uagb-ifb-title-wrap\"><\/div><p class=\"uagb-ifb-desc\">+36 20 439 9843<\/p><\/div><\/div>\n\n\n\n<div class=\"wp-block-uagb-info-box uagb-block-7384d7c8 uagb-infobox__content-wrap  uagb-infobox-icon-left uagb-infobox-left uagb-infobox-image-valign-middle\"><div class=\"uagb-ifb-icon-wrap\"><svg xmlns=\"https:\/\/www.w3.org\/2000\/svg\" viewbox=\"0 0 512 512\"><path d=\"M464 64C490.5 64 512 85.49 512 112C512 127.1 504.9 141.3 492.8 150.4L275.2 313.6C263.8 322.1 248.2 322.1 236.8 313.6L19.2 150.4C7.113 141.3 0 127.1 0 112C0 85.49 21.49 64 48 64H464zM217.6 339.2C240.4 356.3 271.6 356.3 294.4 339.2L512 176V384C512 419.3 483.3 448 448 448H64C28.65 448 0 419.3 0 384V176L217.6 339.2z\"><\/path><\/svg><\/div><div class=\"uagb-ifb-content\"><div class=\"uagb-ifb-title-wrap\"><\/div><p class=\"uagb-ifb-desc\">info@jeilspecial.com<\/p><\/div><\/div>\n<\/div>\n<\/div><\/div>\n\n\n\n<div class=\"wp-block-uagb-container uagb-layout-grid uagb-block-5031fb51\">\n<div class=\"wp-block-uagb-info-box uagb-block-f051ebd8 uagb-infobox__content-wrap  uagb-infobox-icon-above-title uagb-infobox-image-valign-top wp-block-uagb-info-box--has-margin\"><div class=\"uagb-infobox-margin-wrapper\"><div class=\"uagb-ifb-content\"><div class=\"uagb-ifb-image-content\"><img decoding=\"async\" src=\"https:\/\/jeilspecial.hu\/wp-content\/uploads\/2024\/12\/kalmar160.jpg\" alt=\"\" width=\"26\" height=\"19\" loading=\"lazy\"\/><\/div><div class=\"uagb-ifb-title-wrap\"><h3 class=\"uagb-ifb-title\">Kalmar DCE 160-12<\/h3><\/div><p class=\"uagb-ifb-desc\">16t Capacity<br>2008 year of manufacture<br>Diesel<\/p><\/div><\/div><\/div>\n\n\n\n<div class=\"wp-block-uagb-info-box uagb-block-e954ed29 uagb-infobox__content-wrap  uagb-infobox-icon-above-title uagb-infobox-image-valign-top wp-block-uagb-info-box--has-margin\"><div class=\"uagb-infobox-margin-wrapper\"><div class=\"uagb-ifb-content\"><div class=\"uagb-ifb-image-content\"><img decoding=\"async\" src=\"https:\/\/jeilspecial.hu\/wp-content\/uploads\/2024\/12\/kalmar80-6.jpg\" alt=\"\" width=\"26\" height=\"19\" loading=\"lazy\"\/><\/div><div class=\"uagb-ifb-title-wrap\"><h3 class=\"uagb-ifb-title\">Kalmar DCF 80-9<\/h3><\/div><p class=\"uagb-ifb-desc\">8t Capacity<br>2016  year of manufacture<br>Diesel<\/p><\/div><\/div><\/div>\n\n\n\n<div class=\"wp-block-uagb-info-box uagb-block-65efee6f uagb-infobox__content-wrap  uagb-infobox-icon-above-title uagb-infobox-image-valign-top wp-block-uagb-info-box--has-margin\"><div class=\"uagb-infobox-margin-wrapper\"><div class=\"uagb-ifb-content\"><div class=\"uagb-ifb-image-content\"><img decoding=\"async\" src=\"https:\/\/jeilspecial.hu\/wp-content\/uploads\/2024\/12\/kalmar80-9.jpg\" alt=\"\" width=\"26\" height=\"19\" loading=\"lazy\"\/><\/div><div class=\"uagb-ifb-title-wrap\"><h3 class=\"uagb-ifb-title\">Kalmar DCE 80-6<\/h3><\/div><p class=\"uagb-ifb-desc\">8t Capacity<br>2011  year of manufacture<br>Diesel<\/p><\/div><\/div><\/div>\n\n\n\n<div class=\"wp-block-uagb-info-box uagb-block-0174d2fb uagb-infobox__content-wrap  uagb-infobox-icon-above-title uagb-infobox-image-valign-top wp-block-uagb-info-box--has-margin\"><div class=\"uagb-infobox-margin-wrapper\"><div class=\"uagb-ifb-content\"><div class=\"uagb-ifb-image-content\"><img decoding=\"async\" src=\"https:\/\/jeilspecial.hu\/wp-content\/uploads\/2024\/12\/hyundai.jpg\" alt=\"\" width=\"26\" height=\"19\" loading=\"lazy\"\/><\/div><div class=\"uagb-ifb-title-wrap\"><h3 class=\"uagb-ifb-title\">Hyundai 160D-12\u200b<\/h3><\/div><p class=\"uagb-ifb-desc\">16t Capacity<br>2018  year of manufacture<br>Diesel<\/p><\/div><\/div><\/div>\n\n\n\n<div class=\"wp-block-uagb-info-box uagb-block-6babea65 uagb-infobox__content-wrap  uagb-infobox-icon-above-title uagb-infobox-image-valign-top wp-block-uagb-info-box--has-margin\"><div class=\"uagb-infobox-margin-wrapper\"><div class=\"uagb-ifb-content\"><div class=\"uagb-ifb-image-content\"><img decoding=\"async\" src=\"https:\/\/jeilspecial.hu\/wp-content\/uploads\/2024\/12\/toyota.jpg\" alt=\"\" width=\"26\" height=\"19\" loading=\"lazy\"\/><\/div><div class=\"uagb-ifb-title-wrap\"><h3 class=\"uagb-ifb-title\">Toyota 7FB25<\/h3><\/div><p class=\"uagb-ifb-desc\">2,5t Capacity<br>2006  year of manufacture<br>Electric<\/p><\/div><\/div><\/div>\n\n\n\n<div class=\"wp-block-uagb-info-box uagb-block-61d96c3b uagb-infobox__content-wrap  uagb-infobox-icon-above-title uagb-infobox-image-valign-top wp-block-uagb-info-box--has-margin\"><div class=\"uagb-infobox-margin-wrapper\"><div class=\"uagb-ifb-content\"><div class=\"uagb-ifb-image-content\"><img decoding=\"async\" src=\"https:\/\/jeilspecial.hu\/wp-content\/uploads\/2024\/10\/rL0HcV-D.jpg\" alt=\"\" width=\"26\" height=\"19\" loading=\"lazy\"\/><\/div><div class=\"uagb-ifb-title-wrap\"><h3 class=\"uagb-ifb-title\">Still RX 60-35\u200b<\/h3><\/div><p class=\"uagb-ifb-desc\">3,5t Capacity<br>2013 year of manufacture<br>Electric<\/p><\/div><\/div><\/div>\n\n\n\n<div class=\"wp-block-uagb-info-box uagb-block-d4514853 uagb-infobox__content-wrap  uagb-infobox-icon-above-title uagb-infobox-image-valign-top wp-block-uagb-info-box--has-margin\"><div class=\"uagb-infobox-margin-wrapper\"><div class=\"uagb-ifb-content\"><div class=\"uagb-ifb-image-content\"><img decoding=\"async\" src=\"https:\/\/jeilspecial.hu\/wp-content\/uploads\/2024\/12\/VYkjgQEU.jpg\" alt=\"\" width=\"26\" height=\"19\" loading=\"lazy\"\/><\/div><div class=\"uagb-ifb-title-wrap\"><h3 class=\"uagb-ifb-title\">Magni ES0807EP<\/h3><\/div><p class=\"uagb-ifb-desc\">8m max. workheight<br>2021  year of manufacture<br>Electric<\/p><\/div><\/div><\/div>\n\n\n\n<div class=\"wp-block-uagb-info-box uagb-block-85dbf58e uagb-infobox__content-wrap  uagb-infobox-icon-above-title uagb-infobox-image-valign-top wp-block-uagb-info-box--has-margin\"><div class=\"uagb-infobox-margin-wrapper\"><div class=\"uagb-ifb-content\"><div class=\"uagb-ifb-image-content\"><img decoding=\"async\" src=\"https:\/\/jeilspecial.hu\/wp-content\/uploads\/2024\/12\/emelopodium.jpg\" alt=\"\" width=\"26\" height=\"19\" loading=\"lazy\"\/><\/div><div class=\"uagb-ifb-title-wrap\"><h3 class=\"uagb-ifb-title\">Lifting platform<\/h3><\/div><p class=\"uagb-ifb-desc\">30t Capacity<br>2019 year of manufacture<\/p><\/div><\/div><\/div>\n<\/div>\n\n\n\n<p><\/p>\n<\/div><\/div>\n\n\n\n<p><\/p>","protected":false},"excerpt":{"rendered":"<p>G\u00e9pb\u00e9rl\u00e9s C\u00e9g\u00fcnk korl\u00e1tozott sz\u00e1mban foglalkozik munkag\u00e9pek b\u00e9rbead\u00e1s\u00e1val! El\u00e9rhet\u0151s\u00e9gek\u00e9rt \u00e9s egyedi \u00e1raj\u00e1nlat\u00e9rt keresse koll\u00e9g\u00e1nkat a megadott el\u00e9rhet\u0151s\u00e9geket.<\/p>","protected":false},"author":1,"featured_media":0,"parent":0,"menu_order":0,"comment_status":"closed","ping_status":"closed","template":"","meta":{"_uag_custom_page_level_css":"","site-sidebar-layout":"no-sidebar","site-content-layout":"plain-container","ast-site-content-layout":"normal-width-container","site-content-style":"unboxed","site-sidebar-style":"unboxed","ast-global-header-display":"","ast-banner-title-visibility":"","ast-main-header-display":"","ast-hfb-above-header-display":"","ast-hfb-below-header-display":"","ast-hfb-mobile-header-display":"","site-post-title":"disabled","ast-breadcrumbs-content":"","ast-featured-img":"disabled","footer-sml-layout":"","theme-transparent-header-meta":"enabled","adv-header-id-meta":"","stick-header-meta":"","header-above-stick-meta":"","header-main-stick-meta":"","header-below-stick-meta":"","astra-migrate-meta-layouts":"set","ast-page-background-enabled":"default","ast-page-background-meta":{"desktop":{"background-color":"var(--ast-global-color-4)","background-image":"","background-repeat":"repeat","background-position":"center center","background-size":"auto","background-attachment":"scroll","background-type":"","background-media":"","overlay-type":"","overlay-color":"","overlay-opacity":"","overlay-gradient":""},"tablet":{"background-color":"","background-image":"","background-repeat":"repeat","background-position":"center center","background-size":"auto","background-attachment":"scroll","background-type":"","background-media":"","overlay-type":"","overlay-color":"","overlay-opacity":"","overlay-gradient":""},"mobile":{"background-color":"","background-image":"","background-repeat":"repeat","background-position":"center center","background-size":"auto","background-attachment":"scroll","background-type":"","background-media":"","overlay-type":"","overlay-color":"","overlay-opacity":"","overlay-gradient":""}},"ast-content-background-meta":{"desktop":{"background-color":"var(--ast-global-color-5)","background-image":"","background-repeat":"repeat","background-position":"center center","background-size":"auto","background-attachment":"scroll","background-type":"","background-media":"","overlay-type":"","overlay-color":"","overlay-opacity":"","overlay-gradient":""},"tablet":{"background-color":"var(--ast-global-color-5)","background-image":"","background-repeat":"repeat","background-position":"center center","background-size":"auto","background-attachment":"scroll","background-type":"","background-media":"","overlay-type":"","overlay-color":"","overlay-opacity":"","overlay-gradient":""},"mobile":{"background-color":"var(--ast-global-color-5)","background-image":"","background-repeat":"repeat","background-position":"center center","background-size":"auto","background-attachment":"scroll","background-type":"","background-media":"","overlay-type":"","overlay-color":"","overlay-opacity":"","overlay-gradient":""}},"footnotes":""},"class_list":["post-497","page","type-page","status-publish","hentry"],"yoast_head":"<!-- This site is optimized with the Yoast SEO plugin v24.1 - https:\/\/yoast.com\/wordpress\/plugins\/seo\/ -->\n<title>G\u00e9pb\u00e9rl\u00e9s - JeilSpecial Hungary<\/title>\n<meta name=\"robots\" content=\"index, follow, max-snippet:-1, max-image-preview:large, max-video-preview:-1\" \/>\n<link rel=\"canonical\" href=\"https:\/\/jeilspecial.hu\/en\/services\/\" \/>\n<script type=\"application\/ld+json\" class=\"yoast-schema-graph\">{\"@context\":\"https:\/\/schema.org\",\"@graph\":[{\"@type\":\"WebPage\",\"@id\":\"https:\/\/jeilspecial.hu\/services\/\",\"url\":\"https:\/\/jeilspecial.hu\/services\/\",\"name\":\"G\u00e9pb\u00e9rl\u00e9s - JeilSpecial Hungary\",\"isPartOf\":{\"@id\":\"https:\/\/jeilspecial.hu\/#website\"},\"primaryImageOfPage\":{\"@id\":\"https:\/\/jeilspecial.hu\/services\/#primaryimage\"},\"image\":{\"@id\":\"https:\/\/jeilspecial.hu\/services\/#primaryimage\"},\"thumbnailUrl\":\"https:\/\/jeilspecial.hu\/wp-content\/uploads\/2024\/12\/kalmar160.jpg\",\"datePublished\":\"2024-10-03T13:34:00+00:00\",\"dateModified\":\"2024-12-20T15:07:04+00:00\",\"breadcrumb\":{\"@id\":\"https:\/\/jeilspecial.hu\/services\/#breadcrumb\"},\"inLanguage\":\"en-GB\",\"potentialAction\":[{\"@type\":\"ReadAction\",\"target\":[\"https:\/\/jeilspecial.hu\/services\/\"]}]},{\"@type\":\"ImageObject\",\"inLanguage\":\"en-GB\",\"@id\":\"https:\/\/jeilspecial.hu\/services\/#primaryimage\",\"url\":\"https:\/\/jeilspecial.hu\/wp-content\/uploads\/2024\/12\/kalmar160.jpg\",\"contentUrl\":\"https:\/\/jeilspecial.hu\/wp-content\/uploads\/2024\/12\/kalmar160.jpg\"},{\"@type\":\"BreadcrumbList\",\"@id\":\"https:\/\/jeilspecial.hu\/services\/#breadcrumb\",\"itemListElement\":[{\"@type\":\"ListItem\",\"position\":1,\"name\":\"Kezd\u0151lap\",\"item\":\"https:\/\/jeilspecial.hu\/\"},{\"@type\":\"ListItem\",\"position\":2,\"name\":\"G\u00e9pb\u00e9rl\u00e9s\"}]},{\"@type\":\"WebSite\",\"@id\":\"https:\/\/jeilspecial.hu\/#website\",\"url\":\"https:\/\/jeilspecial.hu\/\",\"name\":\"JeilSpecial Hungary\",\"description\":\"JeilSpecial Hungary weboldala\",\"publisher\":{\"@id\":\"https:\/\/jeilspecial.hu\/#organization\"},\"potentialAction\":[{\"@type\":\"SearchAction\",\"target\":{\"@type\":\"EntryPoint\",\"urlTemplate\":\"https:\/\/jeilspecial.hu\/?s={search_term_string}\"},\"query-input\":{\"@type\":\"PropertyValueSpecification\",\"valueRequired\":true,\"valueName\":\"search_term_string\"}}],\"inLanguage\":\"en-GB\"},{\"@type\":\"Organization\",\"@id\":\"https:\/\/jeilspecial.hu\/#organization\",\"name\":\"JeilSpecial Hungary\",\"url\":\"https:\/\/jeilspecial.hu\/\",\"logo\":{\"@type\":\"ImageObject\",\"inLanguage\":\"en-GB\",\"@id\":\"https:\/\/jeilspecial.hu\/#\/schema\/logo\/image\/\",\"url\":\"https:\/\/jeilspecial.hu\/wp-content\/uploads\/2024\/12\/favicon.svg\",\"contentUrl\":\"https:\/\/jeilspecial.hu\/wp-content\/uploads\/2024\/12\/favicon.svg\",\"width\":1,\"height\":1,\"caption\":\"JeilSpecial Hungary\"},\"image\":{\"@id\":\"https:\/\/jeilspecial.hu\/#\/schema\/logo\/image\/\"}}]}<\/script>\n<!-- \/ Yoast SEO plugin. -->","yoast_head_json":{"title":"G\u00e9pb\u00e9rl\u00e9s - JeilSpecial Hungary","robots":{"index":"index","follow":"follow","max-snippet":"max-snippet:-1","max-image-preview":"max-image-preview:large","max-video-preview":"max-video-preview:-1"},"canonical":"https:\/\/jeilspecial.hu\/en\/services\/","schema":{"@context":"https:\/\/schema.org","@graph":[{"@type":"WebPage","@id":"https:\/\/jeilspecial.hu\/services\/","url":"https:\/\/jeilspecial.hu\/services\/","name":"G\u00e9pb\u00e9rl\u00e9s - JeilSpecial Hungary","isPartOf":{"@id":"https:\/\/jeilspecial.hu\/#website"},"primaryImageOfPage":{"@id":"https:\/\/jeilspecial.hu\/services\/#primaryimage"},"image":{"@id":"https:\/\/jeilspecial.hu\/services\/#primaryimage"},"thumbnailUrl":"https:\/\/jeilspecial.hu\/wp-content\/uploads\/2024\/12\/kalmar160.jpg","datePublished":"2024-10-03T13:34:00+00:00","dateModified":"2024-12-20T15:07:04+00:00","breadcrumb":{"@id":"https:\/\/jeilspecial.hu\/services\/#breadcrumb"},"inLanguage":"en-GB","potentialAction":[{"@type":"ReadAction","target":["https:\/\/jeilspecial.hu\/services\/"]}]},{"@type":"ImageObject","inLanguage":"en-GB","@id":"https:\/\/jeilspecial.hu\/services\/#primaryimage","url":"https:\/\/jeilspecial.hu\/wp-content\/uploads\/2024\/12\/kalmar160.jpg","contentUrl":"https:\/\/jeilspecial.hu\/wp-content\/uploads\/2024\/12\/kalmar160.jpg"},{"@type":"BreadcrumbList","@id":"https:\/\/jeilspecial.hu\/services\/#breadcrumb","itemListElement":[{"@type":"ListItem","position":1,"name":"Kezd\u0151lap","item":"https:\/\/jeilspecial.hu\/"},{"@type":"ListItem","position":2,"name":"G\u00e9pb\u00e9rl\u00e9s"}]},{"@type":"WebSite","@id":"https:\/\/jeilspecial.hu\/#website","url":"https:\/\/jeilspecial.hu\/","name":"JeilSpecial Hungary","description":"JeilSpecial Hungary weboldala","publisher":{"@id":"https:\/\/jeilspecial.hu\/#organization"},"potentialAction":[{"@type":"SearchAction","target":{"@type":"EntryPoint","urlTemplate":"https:\/\/jeilspecial.hu\/?s={search_term_string}"},"query-input":{"@type":"PropertyValueSpecification","valueRequired":true,"valueName":"search_term_string"}}],"inLanguage":"en-GB"},{"@type":"Organization","@id":"https:\/\/jeilspecial.hu\/#organization","name":"JeilSpecial Hungary","url":"https:\/\/jeilspecial.hu\/","logo":{"@type":"ImageObject","inLanguage":"en-GB","@id":"https:\/\/jeilspecial.hu\/#\/schema\/logo\/image\/","url":"https:\/\/jeilspecial.hu\/wp-content\/uploads\/2024\/12\/favicon.svg","contentUrl":"https:\/\/jeilspecial.hu\/wp-content\/uploads\/2024\/12\/favicon.svg","width":1,"height":1,"caption":"JeilSpecial Hungary"},"image":{"@id":"https:\/\/jeilspecial.hu\/#\/schema\/logo\/image\/"}}]}},"uagb_featured_image_src":{"full":false,"thumbnail":false,"medium":false,"medium_large":false,"large":false,"1536x1536":false,"2048x2048":false,"trp-custom-language-flag":false},"uagb_author_info":{"display_name":"admin","author_link":"https:\/\/jeilspecial.hu\/en\/author\/jeilspec\/"},"uagb_comment_info":0,"uagb_excerpt":"G\u00e9pb\u00e9rl\u00e9s C\u00e9g\u00fcnk korl\u00e1tozott sz\u00e1mban foglalkozik munkag\u00e9pek b\u00e9rbead\u00e1s\u00e1val! El\u00e9rhet\u0151s\u00e9gek\u00e9rt \u00e9s egyedi \u00e1raj\u00e1nlat\u00e9rt keresse koll\u00e9g\u00e1nkat a megadott el\u00e9rhet\u0151s\u00e9geket.","_links":{"self":[{"href":"https:\/\/jeilspecial.hu\/en\/wp-json\/wp\/v2\/pages\/497","targetHints":{"allow":["GET"]}}],"collection":[{"href":"https:\/\/jeilspecial.hu\/en\/wp-json\/wp\/v2\/pages"}],"about":[{"href":"https:\/\/jeilspecial.hu\/en\/wp-json\/wp\/v2\/types\/page"}],"author":[{"embeddable":true,"href":"https:\/\/jeilspecial.hu\/en\/wp-json\/wp\/v2\/users\/1"}],"replies":[{"embeddable":true,"href":"https:\/\/jeilspecial.hu\/en\/wp-json\/wp\/v2\/comments?post=497"}],"version-history":[{"count":16,"href":"https:\/\/jeilspecial.hu\/en\/wp-json\/wp\/v2\/pages\/497\/revisions"}],"predecessor-version":[{"id":1420,"href":"https:\/\/jeilspecial.hu\/en\/wp-json\/wp\/v2\/pages\/497\/revisions\/1420"}],"wp:attachment":[{"href":"https:\/\/jeilspecial.hu\/en\/wp-json\/wp\/v2\/media?parent=497"}],"curies":[{"name":"wp","href":"https:\/\/api.w.org\/{rel}","templated":true}]}}