{"id":501,"date":"2024-10-03T13:34:00","date_gmt":"2024-10-03T13:34:00","guid":{"rendered":"https:\/\/jeilspecial.hu\/contact\/"},"modified":"2024-12-20T15:00:43","modified_gmt":"2024-12-20T15:00:43","slug":"contact","status":"publish","type":"page","link":"https:\/\/jeilspecial.hu\/en\/contact\/","title":{"rendered":"Contact"},"content":{"rendered":"<div class=\"wp-block-uagb-container uagb-block-ffc1542d alignfull uagb-is-root-container\"><div class=\"uagb-container-inner-blocks-wrap\">\n<div class=\"wp-block-uagb-advanced-heading uagb-block-bdd64c41\"><h1 class=\"uagb-heading-text\">Contact<\/h1><\/div>\n<\/div><\/div>\n\n\n\n<div class=\"wp-block-uagb-container uagb-block-7dc9cc23 alignfull uagb-is-root-container\"><div class=\"uagb-container-inner-blocks-wrap\">\n<div class=\"wp-block-uagb-info-box uagb-block-7631e7c5 uagb-infobox__content-wrap  uagb-infobox-icon-above-title uagb-infobox-image-valign-top\"><div class=\"uagb-ifb-content\"><div class=\"uagb-ifb-title-wrap\"><h3 class=\"uagb-ifb-title-prefix\">JeilSpecial Hungary<\/h3><h2 class=\"uagb-ifb-title\">Get in touch with us!<\/h2><\/div><\/div><\/div>\n\n\n\n<div class=\"wp-block-uagb-container uagb-block-d6700654\">\n<div class=\"wp-block-uagb-container uagb-block-1fff6dde\">\n<div class=\"wp-block-uagb-info-box uagb-block-ad72288c uagb-infobox__content-wrap  uagb-infobox-icon-above-title uagb-infobox-image-valign-top\"><div class=\"uagb-ifb-content\"><div class=\"uagb-ifb-title-wrap\"><h4 class=\"uagb-ifb-title\">Our contacts:<br><\/h4><\/div><p class=\"uagb-ifb-desc\">Choi Kyungsan<br>executive director<br>Tel.:&nbsp;+36 20 462 3323<br><br>D\u00e1nyi Boldizs\u00e1r<br>customer service<br>Tel.:&nbsp;+36 20 439 9843<br><br>D\u00e1nyi-Moln\u00e1r Csenge<br>accounting<br>Tel.:&nbsp;+36 20 434 3997<\/p><\/div><\/div>\n\n\n\n<div class=\"wp-block-uagb-info-box uagb-block-e8a227bb uagb-infobox__content-wrap  uagb-infobox-icon-above-title uagb-infobox-image-valign-top\"><div class=\"uagb-ifb-content\"><div class=\"uagb-ifb-title-wrap\"><h4 class=\"uagb-ifb-title\">Email:<br><\/h4><\/div><p class=\"uagb-ifb-desc\">info@jeilspecial.hu<br>jeilspecial.hungary@gmail.com<\/p><\/div><\/div>\n<\/div>\n\n\n\t\t\t<div \n\t\t\tclass=\"wp-block-uagb-google-map uagb-google-map__wrap uagb-block-22a9c63a\"\n\t\t\tstyle=\"\" >\n\t\t\t\t<embed\n\t\t\t\t\tclass=\"uagb-google-map__iframe\"\n\t\t\t\t\ttitle=\"Google Map for \"\n\t\t\t\t\tsrc=\"https:\/\/maps.google.com\/maps?q=1037%20Budapest%2C%20Harang%20u.%2012.%20fszt.%201.&#038;z=17&#038;hl=en&#038;t=m&#038;output=embed&#038;iwloc=near\"\n\t\t\t\t\twidth=\"640\"\n\t\t\t\t\theight=\"475\"\n\t\t\t\t\tloading=\"lazy\"\n\t\t\t\t><\/embed>\n\t\t\t<\/div>\n\t\t\t<\/div>\n<\/div><\/div>\n\n\n\n<div id=\"getquotation\" class=\"wp-block-uagb-container uagb-block-21f44d83 alignfull uagb-is-root-container\"><div class=\"uagb-container-inner-blocks-wrap\">\n<div class=\"wp-block-uagb-info-box uagb-block-c9997e6d uagb-infobox__content-wrap  uagb-infobox-icon-above-title uagb-infobox-image-valign-top\"><div class=\"uagb-ifb-content\"><div class=\"uagb-ifb-title-wrap\"><h3 class=\"uagb-ifb-title\">Send us a request for a quote!<\/h3><\/div><\/div><\/div>\n\n\n\n<div class=\"wp-block-uagb-forms uagb-forms__outer-wrap uagb-block-a4d6faf1 uagb-forms__medium-btn\"><form class=\"uagb-forms-main-form\" method=\"post\" autocomplete=\"on\" name=\"uagb-form-a4d6faf1\" action=\"\">\n<div class=\"wp-block-uagb-forms-name uagb-forms-name-wrap uagb-forms-field-set uagb-block-8e278c53\"><div class=\"uagb-forms-name-label required uagb-forms-input-label\" id=\"8e278c53\">Firstname<\/div><input type=\"text\" placeholder=\"Jhon\" required class=\"uagb-forms-name-input uagb-forms-input\" name=\"8e278c53\" autocomplete=\"given-name\"\/><\/div>\n\n\n\n<div class=\"wp-block-uagb-forms-name uagb-forms-name-wrap uagb-forms-field-set uagb-block-02a16376\"><div class=\"uagb-forms-name-label required uagb-forms-input-label\" id=\"02a16376\">Lastname<\/div><input type=\"text\" placeholder=\"Doe\" required class=\"uagb-forms-name-input uagb-forms-input\" name=\"02a16376\" autocomplete=\"family-name\"\/><\/div>\n\n\n\n<div class=\"wp-block-uagb-forms-email uagb-forms-email-wrap uagb-forms-field-set uagb-block-91999fb1\"><div class=\"uagb-forms-email-label required uagb-forms-input-label\" id=\"91999fb1\">Email<\/div><input type=\"email\" class=\"uagb-forms-email-input uagb-forms-input\" placeholder=\"example@mail.com\" required name=\"91999fb1\" autocomplete=\"email\"\/><\/div>\n\n\n\n<div class=\"wp-block-uagb-forms-textarea uagb-forms-textarea-wrap uagb-forms-field-set uagb-block-c4d795c4\"><div class=\"uagb-forms-textarea-label required uagb-forms-input-label\" id=\"c4d795c4\">Message<\/div><textarea required class=\"uagb-forms-textarea-input uagb-forms-input\" rows=\"4\" placeholder=\"Summarize your message in a few words!\" name=\"c4d795c4\" autocomplete=\"off\"><\/textarea><\/div>\n\n\n\n<div class=\"wp-block-uagb-forms-checkbox uagb-forms-checkbox-wrap uagb-forms-field-set uagb-block-f939edae\"><div class=\"uagb-forms-checkbox-label required uagb-forms-input-label\" id=\"f939edae\">Statements<\/div><input type=\"checkbox\" class=\"uagb-forms-checkbox\" id=\"checkbox-megismertem-\u00e9s-elfogadom-az-\u00e1ltal\u00e1nos-szerz\u0151d\u00e9si-felt\u00e9teleket-\u00e9s-az-adatv\u00e9delmi-nyilatkozatot.-f939edae\" name=\"Nyilatkozatok[]\" value=\"Megismertem \u00e9s elfogadom az \u00c1ltal\u00e1nos Szerz\u0151d\u00e9si Felt\u00e9teleket \u00e9s az Adatv\u00e9delmi Nyilatkozatot.\" required><label for=\"checkbox-megismertem-\u00e9s-elfogadom-az-\u00e1ltal\u00e1nos-szerz\u0151d\u00e9si-felt\u00e9teleket-\u00e9s-az-adatv\u00e9delmi-nyilatkozatot.-f939edae\">Megismertem \u00e9s elfogadom az \u00c1ltal\u00e1nos Szerz\u0151d\u00e9si Felt\u00e9teleket \u00e9s az Adatv\u00e9delmi Nyilatkozatot.<\/label><br\/><\/div>\n<div class=\"uagb-forms-form-hidden-data\"><input type=\"hidden\" class=\"uagb_forms_form_label\" value=\"K\u00e9rd aj\u00e1nlatunkat\"\/><input type=\"hidden\" class=\"uagb_forms_form_id\" value=\"uagb-form-a4d6faf1\"\/><\/div><div class=\"uagb-form-reacaptcha-error-a4d6faf1\"><\/div><div class=\"uagb-forms-main-submit-button-wrap wp-block-button\"><button class=\"uagb-forms-main-submit-button wp-block-button__link\"><div class=\"uagb-forms-main-submit-button-text\">k\u00fcld\u00e9s<\/div><\/button><\/div><input type=\"hidden\" name=\"trp-form-language\" value=\"en\"\/><\/form><div class=\"uagb-forms-success-message-a4d6faf1 uagb-forms-submit-message-hide\"><span>Az \u00fczeneted elk\u00fcldted. Hamarosan v\u00e1laszolunk!<\/span><\/div><div class=\"uagb-forms-failed-message-a4d6faf1 uagb-forms-submit-message-hide\"><span>Valami hiba t\u00f6rt\u00e9nt az \u00fczenet k\u00fcld\u00e9se k\u00f6zben.<\/span><\/div><\/div>\n<\/div><\/div>","protected":false},"excerpt":{"rendered":"<p>Contact<\/p>","protected":false},"author":1,"featured_media":0,"parent":0,"menu_order":0,"comment_status":"closed","ping_status":"closed","template":"","meta":{"_uag_custom_page_level_css":"","site-sidebar-layout":"no-sidebar","site-content-layout":"plain-container","ast-site-content-layout":"normal-width-container","site-content-style":"unboxed","site-sidebar-style":"unboxed","ast-global-header-display":"","ast-banner-title-visibility":"","ast-main-header-display":"","ast-hfb-above-header-display":"","ast-hfb-below-header-display":"","ast-hfb-mobile-header-display":"","site-post-title":"disabled","ast-breadcrumbs-content":"","ast-featured-img":"disabled","footer-sml-layout":"","theme-transparent-header-meta":"enabled","adv-header-id-meta":"","stick-header-meta":"","header-above-stick-meta":"","header-main-stick-meta":"","header-below-stick-meta":"","astra-migrate-meta-layouts":"set","ast-page-background-enabled":"default","ast-page-background-meta":{"desktop":{"background-color":"var(--ast-global-color-4)","background-image":"","background-repeat":"repeat","background-position":"center center","background-size":"auto","background-attachment":"scroll","background-type":"","background-media":"","overlay-type":"","overlay-color":"","overlay-opacity":"","overlay-gradient":""},"tablet":{"background-color":"","background-image":"","background-repeat":"repeat","background-position":"center center","background-size":"auto","background-attachment":"scroll","background-type":"","background-media":"","overlay-type":"","overlay-color":"","overlay-opacity":"","overlay-gradient":""},"mobile":{"background-color":"","background-image":"","background-repeat":"repeat","background-position":"center center","background-size":"auto","background-attachment":"scroll","background-type":"","background-media":"","overlay-type":"","overlay-color":"","overlay-opacity":"","overlay-gradient":""}},"ast-content-background-meta":{"desktop":{"background-color":"var(--ast-global-color-5)","background-image":"","background-repeat":"repeat","background-position":"center center","background-size":"auto","background-attachment":"scroll","background-type":"","background-media":"","overlay-type":"","overlay-color":"","overlay-opacity":"","overlay-gradient":""},"tablet":{"background-color":"var(--ast-global-color-5)","background-image":"","background-repeat":"repeat","background-position":"center center","background-size":"auto","background-attachment":"scroll","background-type":"","background-media":"","overlay-type":"","overlay-color":"","overlay-opacity":"","overlay-gradient":""},"mobile":{"background-color":"var(--ast-global-color-5)","background-image":"","background-repeat":"repeat","background-position":"center center","background-size":"auto","background-attachment":"scroll","background-type":"","background-media":"","overlay-type":"","overlay-color":"","overlay-opacity":"","overlay-gradient":""}},"footnotes":""},"class_list":["post-501","page","type-page","status-publish","hentry"],"yoast_head":"<!-- This site is optimized with the Yoast SEO plugin v24.1 - https:\/\/yoast.com\/wordpress\/plugins\/seo\/ -->\n<title>Kapcsolat - JeilSpecial Hungary<\/title>\n<meta name=\"robots\" content=\"index, follow, max-snippet:-1, max-image-preview:large, max-video-preview:-1\" \/>\n<link rel=\"canonical\" href=\"https:\/\/jeilspecial.hu\/en\/contact\/\" \/>\n<script type=\"application\/ld+json\" class=\"yoast-schema-graph\">{\"@context\":\"https:\/\/schema.org\",\"@graph\":[{\"@type\":\"WebPage\",\"@id\":\"https:\/\/jeilspecial.hu\/contact\/\",\"url\":\"https:\/\/jeilspecial.hu\/contact\/\",\"name\":\"Kapcsolat - JeilSpecial Hungary\",\"isPartOf\":{\"@id\":\"https:\/\/jeilspecial.hu\/#website\"},\"datePublished\":\"2024-10-03T13:34:00+00:00\",\"dateModified\":\"2024-12-20T15:00:43+00:00\",\"breadcrumb\":{\"@id\":\"https:\/\/jeilspecial.hu\/contact\/#breadcrumb\"},\"inLanguage\":\"en-GB\",\"potentialAction\":[{\"@type\":\"ReadAction\",\"target\":[\"https:\/\/jeilspecial.hu\/contact\/\"]}]},{\"@type\":\"BreadcrumbList\",\"@id\":\"https:\/\/jeilspecial.hu\/contact\/#breadcrumb\",\"itemListElement\":[{\"@type\":\"ListItem\",\"position\":1,\"name\":\"Kezd\u0151lap\",\"item\":\"https:\/\/jeilspecial.hu\/\"},{\"@type\":\"ListItem\",\"position\":2,\"name\":\"Kapcsolat\"}]},{\"@type\":\"WebSite\",\"@id\":\"https:\/\/jeilspecial.hu\/#website\",\"url\":\"https:\/\/jeilspecial.hu\/\",\"name\":\"JeilSpecial Hungary\",\"description\":\"JeilSpecial Hungary weboldala\",\"publisher\":{\"@id\":\"https:\/\/jeilspecial.hu\/#organization\"},\"potentialAction\":[{\"@type\":\"SearchAction\",\"target\":{\"@type\":\"EntryPoint\",\"urlTemplate\":\"https:\/\/jeilspecial.hu\/?s={search_term_string}\"},\"query-input\":{\"@type\":\"PropertyValueSpecification\",\"valueRequired\":true,\"valueName\":\"search_term_string\"}}],\"inLanguage\":\"en-GB\"},{\"@type\":\"Organization\",\"@id\":\"https:\/\/jeilspecial.hu\/#organization\",\"name\":\"JeilSpecial Hungary\",\"url\":\"https:\/\/jeilspecial.hu\/\",\"logo\":{\"@type\":\"ImageObject\",\"inLanguage\":\"en-GB\",\"@id\":\"https:\/\/jeilspecial.hu\/#\/schema\/logo\/image\/\",\"url\":\"https:\/\/jeilspecial.hu\/wp-content\/uploads\/2024\/12\/favicon.svg\",\"contentUrl\":\"https:\/\/jeilspecial.hu\/wp-content\/uploads\/2024\/12\/favicon.svg\",\"width\":1,\"height\":1,\"caption\":\"JeilSpecial Hungary\"},\"image\":{\"@id\":\"https:\/\/jeilspecial.hu\/#\/schema\/logo\/image\/\"}}]}<\/script>\n<!-- \/ Yoast SEO plugin. -->","yoast_head_json":{"title":"Kapcsolat - JeilSpecial Hungary","robots":{"index":"index","follow":"follow","max-snippet":"max-snippet:-1","max-image-preview":"max-image-preview:large","max-video-preview":"max-video-preview:-1"},"canonical":"https:\/\/jeilspecial.hu\/en\/contact\/","schema":{"@context":"https:\/\/schema.org","@graph":[{"@type":"WebPage","@id":"https:\/\/jeilspecial.hu\/contact\/","url":"https:\/\/jeilspecial.hu\/contact\/","name":"Kapcsolat - JeilSpecial Hungary","isPartOf":{"@id":"https:\/\/jeilspecial.hu\/#website"},"datePublished":"2024-10-03T13:34:00+00:00","dateModified":"2024-12-20T15:00:43+00:00","breadcrumb":{"@id":"https:\/\/jeilspecial.hu\/contact\/#breadcrumb"},"inLanguage":"en-GB","potentialAction":[{"@type":"ReadAction","target":["https:\/\/jeilspecial.hu\/contact\/"]}]},{"@type":"BreadcrumbList","@id":"https:\/\/jeilspecial.hu\/contact\/#breadcrumb","itemListElement":[{"@type":"ListItem","position":1,"name":"Kezd\u0151lap","item":"https:\/\/jeilspecial.hu\/"},{"@type":"ListItem","position":2,"name":"Kapcsolat"}]},{"@type":"WebSite","@id":"https:\/\/jeilspecial.hu\/#website","url":"https:\/\/jeilspecial.hu\/","name":"JeilSpecial Hungary","description":"JeilSpecial Hungary weboldala","publisher":{"@id":"https:\/\/jeilspecial.hu\/#organization"},"potentialAction":[{"@type":"SearchAction","target":{"@type":"EntryPoint","urlTemplate":"https:\/\/jeilspecial.hu\/?s={search_term_string}"},"query-input":{"@type":"PropertyValueSpecification","valueRequired":true,"valueName":"search_term_string"}}],"inLanguage":"en-GB"},{"@type":"Organization","@id":"https:\/\/jeilspecial.hu\/#organization","name":"JeilSpecial Hungary","url":"https:\/\/jeilspecial.hu\/","logo":{"@type":"ImageObject","inLanguage":"en-GB","@id":"https:\/\/jeilspecial.hu\/#\/schema\/logo\/image\/","url":"https:\/\/jeilspecial.hu\/wp-content\/uploads\/2024\/12\/favicon.svg","contentUrl":"https:\/\/jeilspecial.hu\/wp-content\/uploads\/2024\/12\/favicon.svg","width":1,"height":1,"caption":"JeilSpecial Hungary"},"image":{"@id":"https:\/\/jeilspecial.hu\/#\/schema\/logo\/image\/"}}]}},"uagb_featured_image_src":{"full":false,"thumbnail":false,"medium":false,"medium_large":false,"large":false,"1536x1536":false,"2048x2048":false,"trp-custom-language-flag":false},"uagb_author_info":{"display_name":"admin","author_link":"https:\/\/jeilspecial.hu\/en\/author\/jeilspec\/"},"uagb_comment_info":0,"uagb_excerpt":"Kapcsolat","_links":{"self":[{"href":"https:\/\/jeilspecial.hu\/en\/wp-json\/wp\/v2\/pages\/501","targetHints":{"allow":["GET"]}}],"collection":[{"href":"https:\/\/jeilspecial.hu\/en\/wp-json\/wp\/v2\/pages"}],"about":[{"href":"https:\/\/jeilspecial.hu\/en\/wp-json\/wp\/v2\/types\/page"}],"author":[{"embeddable":true,"href":"https:\/\/jeilspecial.hu\/en\/wp-json\/wp\/v2\/users\/1"}],"replies":[{"embeddable":true,"href":"https:\/\/jeilspecial.hu\/en\/wp-json\/wp\/v2\/comments?post=501"}],"version-history":[{"count":17,"href":"https:\/\/jeilspecial.hu\/en\/wp-json\/wp\/v2\/pages\/501\/revisions"}],"predecessor-version":[{"id":1426,"href":"https:\/\/jeilspecial.hu\/en\/wp-json\/wp\/v2\/pages\/501\/revisions\/1426"}],"wp:attachment":[{"href":"https:\/\/jeilspecial.hu\/en\/wp-json\/wp\/v2\/media?parent=501"}],"curies":[{"name":"wp","href":"https:\/\/api.w.org\/{rel}","templated":true}]}}